{"id":16,"date":"2016-06-02T13:39:45","date_gmt":"2016-06-02T16:39:45","guid":{"rendered":"http:\/\/wolney.com.br\/wp\/7\/?page_id=16"},"modified":"2016-06-07T18:36:28","modified_gmt":"2016-06-07T21:36:28","slug":"parceiros","status":"publish","type":"page","link":"https:\/\/emmig.com.br\/portal\/parceiros\/","title":{"rendered":"Parceiros"},"content":{"rendered":"<ul>\n<li>ANDRADE GUERRA ARQUITETOS<\/li>\n<li>ARQUITETO MARCILIO FERREIRA ROSA<\/li>\n<li>ARQ. MILTON LEITE<\/li>\n<li>ARQUITETA MEIGNA CARRIJO PEREIRA<\/li>\n<li>ARQUITETO NILTON NADRUZ<\/li>\n<li>ARQUITETO RONALDO CARDOSO DE OLIVEIRA<\/li>\n<li>BRAND\u00c3O RUSSO<\/li>\n<li>CHAPINI ENGENHARIA CIVIL E CONSTRU\u00c7\u00c3O LTDA.<\/li>\n<li>CODEME ENGENHARIA<\/li>\n<li>COMERCIAL CONSTRUTORA MARCELO COSTA<\/li>\n<li>CONEL CONSTRUTORA LTDA.<\/li>\n<li>CONSTRIG UBERABA<\/li>\n<li>CP CONSTRUPLAN CONSTRU\u00c7\u00c3O E PLANEJAMENTO LTDA.<\/li>\n<li>DRESTE CONSTRUTORA LTDA.<\/li>\n<li>ELGLOBAL CONSTRUTORA LTDA.<\/li>\n<li>ENG. CARLOS AMARAL<\/li>\n<li>ENG. CARLOS KAUFMANN<\/li>\n<li>Eng\u00ba FABIO NOGUEIRA LEITE<\/li>\n<li>ENG. SALVADOR<\/li>\n<li>ENGESILO<\/li>\n<li>FINOTTI ARQUITETURA E URBANISMO<\/li>\n<li>FUKUOKA ARQUITETURA E CONSTRU\u00c7\u00c3O LTDA.<\/li>\n<li>GAFISA S.A.<\/li>\n<li>GRUPO ANDRADE<\/li>\n<li>IAM ENGENHARIA LTDA.<\/li>\n<li>M &amp; M PROJETOS<\/li>\n<li>MAP ENGENHARIA LTDA.<\/li>\n<\/ul>\n","protected":false},"excerpt":{"rendered":"<p>ANDRADE GUERRA ARQUITETOS ARQUITETO MARCILIO FERREIRA ROSA ARQ. MILTON LEITE ARQUITETA MEIGNA CARRIJO PEREIRA ARQUITETO NILTON NADRUZ ARQUITETO RONALDO CARDOSO DE OLIVEIRA BRAND\u00c3O RUSSO CHAPINI ENGENHARIA CIVIL E CONSTRU\u00c7\u00c3O LTDA. CODEME ENGENHARIA COMERCIAL CONSTRUTORA MARCELO COSTA CONEL CONSTRUTORA LTDA. CONSTRIG UBERABA CP CONSTRUPLAN CONSTRU\u00c7\u00c3O E PLANEJAMENTO LTDA. DRESTE CONSTRUTORA LTDA. ELGLOBAL CONSTRUTORA LTDA. ENG. CARLOS [&hellip;]<\/p>\n","protected":false},"author":1,"featured_media":0,"parent":0,"menu_order":40,"comment_status":"closed","ping_status":"closed","template":"","meta":[],"_links":{"self":[{"href":"https:\/\/emmig.com.br\/portal\/wp-json\/wp\/v2\/pages\/16"}],"collection":[{"href":"https:\/\/emmig.com.br\/portal\/wp-json\/wp\/v2\/pages"}],"about":[{"href":"https:\/\/emmig.com.br\/portal\/wp-json\/wp\/v2\/types\/page"}],"author":[{"embeddable":true,"href":"https:\/\/emmig.com.br\/portal\/wp-json\/wp\/v2\/users\/1"}],"replies":[{"embeddable":true,"href":"https:\/\/emmig.com.br\/portal\/wp-json\/wp\/v2\/comments?post=16"}],"version-history":[{"count":3,"href":"https:\/\/emmig.com.br\/portal\/wp-json\/wp\/v2\/pages\/16\/revisions"}],"predecessor-version":[{"id":361,"href":"https:\/\/emmig.com.br\/portal\/wp-json\/wp\/v2\/pages\/16\/revisions\/361"}],"wp:attachment":[{"href":"https:\/\/emmig.com.br\/portal\/wp-json\/wp\/v2\/media?parent=16"}],"curies":[{"name":"wp","href":"https:\/\/api.w.org\/{rel}","templated":true}]}}