{"id":53,"date":"2016-06-02T14:57:30","date_gmt":"2016-06-02T17:57:30","guid":{"rendered":"http:\/\/wolney.com.br\/wp\/7\/?page_id=53"},"modified":"2016-06-02T23:14:57","modified_gmt":"2016-06-03T02:14:57","slug":"usinas-de-acucar","status":"publish","type":"page","link":"https:\/\/emmig.com.br\/portal\/servicos\/usinas-de-acucar\/","title":{"rendered":"Usinas de A\u00e7\u00facar"},"content":{"rendered":"<h3>Usina\u00a0Continental<\/h3>\n\n\t\t<style type=\"text\/css\">\n\t\t\t#gallery-1 {\n\t\t\t\tmargin: auto;\n\t\t\t}\n\t\t\t#gallery-1 .gallery-item {\n\t\t\t\tfloat: left;\n\t\t\t\tmargin-top: 10px;\n\t\t\t\ttext-align: center;\n\t\t\t\twidth: 33%;\n\t\t\t}\n\t\t\t#gallery-1 img {\n\t\t\t\tborder: 2px solid #cfcfcf;\n\t\t\t}\n\t\t\t#gallery-1 .gallery-caption {\n\t\t\t\tmargin-left: 0;\n\t\t\t}\n\t\t\t\/* see gallery_shortcode() in wp-includes\/media.php *\/\n\t\t<\/style>\n\t\t<div id='gallery-1' class='gallery galleryid-53 gallery-columns-3 gallery-size-thumbnail'><dl class='gallery-item'>\n\t\t\t<dt class='gallery-icon landscape'>\n\t\t\t\t<a href='https:\/\/emmig.com.br\/portal\/wp-content\/uploads\/2016\/06\/Usina-Continental2.jpg'><img width=\"150\" height=\"150\" src=\"https:\/\/emmig.com.br\/portal\/wp-content\/uploads\/2016\/06\/Usina-Continental2-150x150.jpg\" class=\"attachment-thumbnail size-thumbnail\" alt=\"\" loading=\"lazy\" \/><\/a>\n\t\t\t<\/dt><\/dl><dl class='gallery-item'>\n\t\t\t<dt class='gallery-icon landscape'>\n\t\t\t\t<a href='https:\/\/emmig.com.br\/portal\/wp-content\/uploads\/2016\/06\/Usina-Continental-1024x768.jpg'><img width=\"150\" height=\"150\" src=\"https:\/\/emmig.com.br\/portal\/wp-content\/uploads\/2016\/06\/Usina-Continental-1024x768-150x150.jpg\" class=\"attachment-thumbnail size-thumbnail\" alt=\"\" loading=\"lazy\" \/><\/a>\n\t\t\t<\/dt><\/dl><dl class='gallery-item'>\n\t\t\t<dt class='gallery-icon landscape'>\n\t\t\t\t<a href='https:\/\/emmig.com.br\/portal\/wp-content\/uploads\/2016\/06\/Usina-Continental1.jpg'><img width=\"150\" height=\"150\" src=\"https:\/\/emmig.com.br\/portal\/wp-content\/uploads\/2016\/06\/Usina-Continental1-150x150.jpg\" class=\"attachment-thumbnail size-thumbnail\" alt=\"\" loading=\"lazy\" \/><\/a>\n\t\t\t<\/dt><\/dl><br style=\"clear: both\" \/>\n\t\t<\/div>\n\n<p>&nbsp;<\/p>\n<h3>Usina de Itagipe<\/h3>\n\n\t\t<style type=\"text\/css\">\n\t\t\t#gallery-2 {\n\t\t\t\tmargin: auto;\n\t\t\t}\n\t\t\t#gallery-2 .gallery-item {\n\t\t\t\tfloat: left;\n\t\t\t\tmargin-top: 10px;\n\t\t\t\ttext-align: center;\n\t\t\t\twidth: 33%;\n\t\t\t}\n\t\t\t#gallery-2 img {\n\t\t\t\tborder: 2px solid #cfcfcf;\n\t\t\t}\n\t\t\t#gallery-2 .gallery-caption {\n\t\t\t\tmargin-left: 0;\n\t\t\t}\n\t\t\t\/* see gallery_shortcode() in wp-includes\/media.php *\/\n\t\t<\/style>\n\t\t<div id='gallery-2' class='gallery galleryid-53 gallery-columns-3 gallery-size-thumbnail'><dl class='gallery-item'>\n\t\t\t<dt class='gallery-icon landscape'>\n\t\t\t\t<a href='https:\/\/emmig.com.br\/portal\/wp-content\/uploads\/2016\/06\/usina-Itapagipe-Pipe-rack.jpg'><img width=\"150\" height=\"150\" src=\"https:\/\/emmig.com.br\/portal\/wp-content\/uploads\/2016\/06\/usina-Itapagipe-Pipe-rack-150x150.jpg\" class=\"attachment-thumbnail size-thumbnail\" alt=\"\" loading=\"lazy\" \/><\/a>\n\t\t\t<\/dt><\/dl><dl class='gallery-item'>\n\t\t\t<dt class='gallery-icon landscape'>\n\t\t\t\t<a href='https:\/\/emmig.com.br\/portal\/wp-content\/uploads\/2016\/06\/Usina-Itapagipe-Fabrica-de-Acucar-1024x768.jpg'><img width=\"150\" height=\"150\" src=\"https:\/\/emmig.com.br\/portal\/wp-content\/uploads\/2016\/06\/Usina-Itapagipe-Fabrica-de-Acucar-1024x768-150x150.jpg\" class=\"attachment-thumbnail size-thumbnail\" alt=\"\" loading=\"lazy\" \/><\/a>\n\t\t\t<\/dt><\/dl><dl class='gallery-item'>\n\t\t\t<dt class='gallery-icon landscape'>\n\t\t\t\t<a href='https:\/\/emmig.com.br\/portal\/wp-content\/uploads\/2016\/06\/Usina-Itapagipe-Fabrica-de-Acucar.jpg'><img width=\"150\" height=\"150\" src=\"https:\/\/emmig.com.br\/portal\/wp-content\/uploads\/2016\/06\/Usina-Itapagipe-Fabrica-de-Acucar-150x150.jpg\" class=\"attachment-thumbnail size-thumbnail\" alt=\"\" loading=\"lazy\" \/><\/a>\n\t\t\t<\/dt><\/dl><br style=\"clear: both\" \/><dl class='gallery-item'>\n\t\t\t<dt class='gallery-icon landscape'>\n\t\t\t\t<a href='https:\/\/emmig.com.br\/portal\/wp-content\/uploads\/2016\/06\/Usina-Itapagipe-Fabrica-de-Acucar-2.jpg'><img width=\"150\" height=\"150\" src=\"https:\/\/emmig.com.br\/portal\/wp-content\/uploads\/2016\/06\/Usina-Itapagipe-Fabrica-de-Acucar-2-150x150.jpg\" class=\"attachment-thumbnail size-thumbnail\" alt=\"\" loading=\"lazy\" \/><\/a>\n\t\t\t<\/dt><\/dl><dl class='gallery-item'>\n\t\t\t<dt class='gallery-icon landscape'>\n\t\t\t\t<a href='https:\/\/emmig.com.br\/portal\/wp-content\/uploads\/2016\/06\/Usina-Itapagipe-Casa-de-For\u00e7a.jpg'><img width=\"150\" height=\"150\" src=\"https:\/\/emmig.com.br\/portal\/wp-content\/uploads\/2016\/06\/Usina-Itapagipe-Casa-de-For\u00e7a-150x150.jpg\" class=\"attachment-thumbnail size-thumbnail\" alt=\"\" loading=\"lazy\" \/><\/a>\n\t\t\t<\/dt><\/dl><dl class='gallery-item'>\n\t\t\t<dt class='gallery-icon landscape'>\n\t\t\t\t<a href='https:\/\/emmig.com.br\/portal\/wp-content\/uploads\/2016\/06\/Usina-Itapagipe-Cobertura-da-caldeira.jpg'><img width=\"150\" height=\"150\" src=\"https:\/\/emmig.com.br\/portal\/wp-content\/uploads\/2016\/06\/Usina-Itapagipe-Cobertura-da-caldeira-150x150.jpg\" class=\"attachment-thumbnail size-thumbnail\" alt=\"\" loading=\"lazy\" \/><\/a>\n\t\t\t<\/dt><\/dl><br style=\"clear: both\" \/><dl class='gallery-item'>\n\t\t\t<dt class='gallery-icon landscape'>\n\t\t\t\t<a href='https:\/\/emmig.com.br\/portal\/wp-content\/uploads\/2016\/06\/Usina-Itapagipe-Fabrica-de-Acucar-3.jpg'><img width=\"150\" height=\"150\" src=\"https:\/\/emmig.com.br\/portal\/wp-content\/uploads\/2016\/06\/Usina-Itapagipe-Fabrica-de-Acucar-3-150x150.jpg\" class=\"attachment-thumbnail size-thumbnail\" alt=\"\" loading=\"lazy\" \/><\/a>\n\t\t\t<\/dt><\/dl>\n\t\t\t<br style='clear: both' \/>\n\t\t<\/div>\n\n<p>&nbsp;<\/p>\n<h3>Usina de Itumbiara<\/h3>\n\n\t\t<style type=\"text\/css\">\n\t\t\t#gallery-3 {\n\t\t\t\tmargin: auto;\n\t\t\t}\n\t\t\t#gallery-3 .gallery-item {\n\t\t\t\tfloat: left;\n\t\t\t\tmargin-top: 10px;\n\t\t\t\ttext-align: center;\n\t\t\t\twidth: 33%;\n\t\t\t}\n\t\t\t#gallery-3 img {\n\t\t\t\tborder: 2px solid #cfcfcf;\n\t\t\t}\n\t\t\t#gallery-3 .gallery-caption {\n\t\t\t\tmargin-left: 0;\n\t\t\t}\n\t\t\t\/* see gallery_shortcode() in wp-includes\/media.php *\/\n\t\t<\/style>\n\t\t<div id='gallery-3' class='gallery galleryid-53 gallery-columns-3 gallery-size-thumbnail'><dl class='gallery-item'>\n\t\t\t<dt class='gallery-icon landscape'>\n\t\t\t\t<a href='https:\/\/emmig.com.br\/portal\/wp-content\/uploads\/2016\/06\/Usina-Itumbiara5.jpg'><img width=\"150\" height=\"150\" src=\"https:\/\/emmig.com.br\/portal\/wp-content\/uploads\/2016\/06\/Usina-Itumbiara5-150x150.jpg\" class=\"attachment-thumbnail size-thumbnail\" alt=\"\" loading=\"lazy\" \/><\/a>\n\t\t\t<\/dt><\/dl><dl class='gallery-item'>\n\t\t\t<dt class='gallery-icon landscape'>\n\t\t\t\t<a href='https:\/\/emmig.com.br\/portal\/wp-content\/uploads\/2016\/06\/Usina-Itumbiara6.jpg'><img width=\"150\" height=\"150\" src=\"https:\/\/emmig.com.br\/portal\/wp-content\/uploads\/2016\/06\/Usina-Itumbiara6-150x150.jpg\" class=\"attachment-thumbnail size-thumbnail\" alt=\"\" loading=\"lazy\" \/><\/a>\n\t\t\t<\/dt><\/dl><dl class='gallery-item'>\n\t\t\t<dt class='gallery-icon landscape'>\n\t\t\t\t<a href='https:\/\/emmig.com.br\/portal\/wp-content\/uploads\/2016\/06\/Usina-Itumbiara2.jpg'><img width=\"150\" height=\"150\" src=\"https:\/\/emmig.com.br\/portal\/wp-content\/uploads\/2016\/06\/Usina-Itumbiara2-150x150.jpg\" class=\"attachment-thumbnail size-thumbnail\" alt=\"\" loading=\"lazy\" \/><\/a>\n\t\t\t<\/dt><\/dl><br style=\"clear: both\" \/><dl class='gallery-item'>\n\t\t\t<dt class='gallery-icon landscape'>\n\t\t\t\t<a href='https:\/\/emmig.com.br\/portal\/wp-content\/uploads\/2016\/06\/Usina-Itumbiara11.jpg'><img width=\"150\" height=\"150\" src=\"https:\/\/emmig.com.br\/portal\/wp-content\/uploads\/2016\/06\/Usina-Itumbiara11-150x150.jpg\" class=\"attachment-thumbnail size-thumbnail\" alt=\"\" loading=\"lazy\" \/><\/a>\n\t\t\t<\/dt><\/dl><dl class='gallery-item'>\n\t\t\t<dt class='gallery-icon landscape'>\n\t\t\t\t<a href='https:\/\/emmig.com.br\/portal\/wp-content\/uploads\/2016\/06\/Usina-Itumbiara-Armaz\u00e9m-de-A\u00e7\u00facar7.jpg'><img width=\"150\" height=\"150\" src=\"https:\/\/emmig.com.br\/portal\/wp-content\/uploads\/2016\/06\/Usina-Itumbiara-Armaz\u00e9m-de-A\u00e7\u00facar7-150x150.jpg\" class=\"attachment-thumbnail size-thumbnail\" alt=\"\" loading=\"lazy\" \/><\/a>\n\t\t\t<\/dt><\/dl><dl class='gallery-item'>\n\t\t\t<dt class='gallery-icon landscape'>\n\t\t\t\t<a href='https:\/\/emmig.com.br\/portal\/wp-content\/uploads\/2016\/06\/Usina-Itumbiara.jpg'><img width=\"150\" height=\"150\" src=\"https:\/\/emmig.com.br\/portal\/wp-content\/uploads\/2016\/06\/Usina-Itumbiara-150x150.jpg\" class=\"attachment-thumbnail size-thumbnail\" alt=\"\" loading=\"lazy\" \/><\/a>\n\t\t\t<\/dt><\/dl><br style=\"clear: both\" \/><dl class='gallery-item'>\n\t\t\t<dt class='gallery-icon landscape'>\n\t\t\t\t<a href='https:\/\/emmig.com.br\/portal\/wp-content\/uploads\/2016\/06\/Usina-Itumbiara1.jpg'><img width=\"150\" height=\"150\" src=\"https:\/\/emmig.com.br\/portal\/wp-content\/uploads\/2016\/06\/Usina-Itumbiara1-150x150.jpg\" class=\"attachment-thumbnail size-thumbnail\" alt=\"\" loading=\"lazy\" \/><\/a>\n\t\t\t<\/dt><\/dl><dl class='gallery-item'>\n\t\t\t<dt class='gallery-icon landscape'>\n\t\t\t\t<a href='https:\/\/emmig.com.br\/portal\/wp-content\/uploads\/2016\/06\/Usina-Itumbiara8.jpg'><img width=\"150\" height=\"150\" src=\"https:\/\/emmig.com.br\/portal\/wp-content\/uploads\/2016\/06\/Usina-Itumbiara8-150x150.jpg\" class=\"attachment-thumbnail size-thumbnail\" alt=\"\" loading=\"lazy\" \/><\/a>\n\t\t\t<\/dt><\/dl><dl class='gallery-item'>\n\t\t\t<dt class='gallery-icon landscape'>\n\t\t\t\t<a href='https:\/\/emmig.com.br\/portal\/wp-content\/uploads\/2016\/06\/Usina-Itumbiara9.jpg'><img width=\"150\" height=\"150\" src=\"https:\/\/emmig.com.br\/portal\/wp-content\/uploads\/2016\/06\/Usina-Itumbiara9-150x150.jpg\" class=\"attachment-thumbnail size-thumbnail\" alt=\"\" loading=\"lazy\" \/><\/a>\n\t\t\t<\/dt><\/dl><br style=\"clear: both\" \/><dl class='gallery-item'>\n\t\t\t<dt class='gallery-icon landscape'>\n\t\t\t\t<a href='https:\/\/emmig.com.br\/portal\/wp-content\/uploads\/2016\/06\/Usina-Itumbiara10.jpg'><img width=\"150\" height=\"150\" src=\"https:\/\/emmig.com.br\/portal\/wp-content\/uploads\/2016\/06\/Usina-Itumbiara10-150x150.jpg\" class=\"attachment-thumbnail size-thumbnail\" alt=\"\" loading=\"lazy\" \/><\/a>\n\t\t\t<\/dt><\/dl><dl class='gallery-item'>\n\t\t\t<dt class='gallery-icon landscape'>\n\t\t\t\t<a href='https:\/\/emmig.com.br\/portal\/wp-content\/uploads\/2016\/06\/Usina-Itumbiara12.jpg'><img width=\"150\" height=\"150\" src=\"https:\/\/emmig.com.br\/portal\/wp-content\/uploads\/2016\/06\/Usina-Itumbiara12-150x150.jpg\" class=\"attachment-thumbnail size-thumbnail\" alt=\"\" loading=\"lazy\" \/><\/a>\n\t\t\t<\/dt><\/dl><dl class='gallery-item'>\n\t\t\t<dt class='gallery-icon landscape'>\n\t\t\t\t<a href='https:\/\/emmig.com.br\/portal\/wp-content\/uploads\/2016\/06\/Usina-Itumbiara13.jpg'><img width=\"150\" height=\"150\" src=\"https:\/\/emmig.com.br\/portal\/wp-content\/uploads\/2016\/06\/Usina-Itumbiara13-150x150.jpg\" class=\"attachment-thumbnail size-thumbnail\" alt=\"\" loading=\"lazy\" \/><\/a>\n\t\t\t<\/dt><\/dl><br style=\"clear: both\" \/>\n\t\t<\/div>\n\n<p>&nbsp;<\/p>\n<h3>Usina Moema<\/h3>\n\n\t\t<style type=\"text\/css\">\n\t\t\t#gallery-4 {\n\t\t\t\tmargin: auto;\n\t\t\t}\n\t\t\t#gallery-4 .gallery-item {\n\t\t\t\tfloat: left;\n\t\t\t\tmargin-top: 10px;\n\t\t\t\ttext-align: center;\n\t\t\t\twidth: 33%;\n\t\t\t}\n\t\t\t#gallery-4 img {\n\t\t\t\tborder: 2px solid #cfcfcf;\n\t\t\t}\n\t\t\t#gallery-4 .gallery-caption {\n\t\t\t\tmargin-left: 0;\n\t\t\t}\n\t\t\t\/* see gallery_shortcode() in wp-includes\/media.php *\/\n\t\t<\/style>\n\t\t<div id='gallery-4' class='gallery galleryid-53 gallery-columns-3 gallery-size-thumbnail'><dl class='gallery-item'>\n\t\t\t<dt class='gallery-icon landscape'>\n\t\t\t\t<a href='https:\/\/emmig.com.br\/portal\/wp-content\/uploads\/2016\/06\/Usina-Moema-Lavador.jpg'><img width=\"150\" height=\"150\" src=\"https:\/\/emmig.com.br\/portal\/wp-content\/uploads\/2016\/06\/Usina-Moema-Lavador-150x150.jpg\" class=\"attachment-thumbnail size-thumbnail\" alt=\"\" loading=\"lazy\" \/><\/a>\n\t\t\t<\/dt><\/dl><dl class='gallery-item'>\n\t\t\t<dt class='gallery-icon landscape'>\n\t\t\t\t<a href='https:\/\/emmig.com.br\/portal\/wp-content\/uploads\/2016\/06\/Usina-Moema-Oficina.jpg'><img width=\"150\" height=\"150\" src=\"https:\/\/emmig.com.br\/portal\/wp-content\/uploads\/2016\/06\/Usina-Moema-Oficina-150x150.jpg\" class=\"attachment-thumbnail size-thumbnail\" alt=\"\" loading=\"lazy\" \/><\/a>\n\t\t\t<\/dt><\/dl><dl class='gallery-item'>\n\t\t\t<dt class='gallery-icon landscape'>\n\t\t\t\t<a href='https:\/\/emmig.com.br\/portal\/wp-content\/uploads\/2016\/06\/usina-Moema-Caldeira.jpg'><img width=\"150\" height=\"150\" src=\"https:\/\/emmig.com.br\/portal\/wp-content\/uploads\/2016\/06\/usina-Moema-Caldeira-150x150.jpg\" class=\"attachment-thumbnail size-thumbnail\" alt=\"\" loading=\"lazy\" \/><\/a>\n\t\t\t<\/dt><\/dl><br style=\"clear: both\" \/><dl class='gallery-item'>\n\t\t\t<dt class='gallery-icon landscape'>\n\t\t\t\t<a href='https:\/\/emmig.com.br\/portal\/wp-content\/uploads\/2016\/06\/Usina-Moema.jpg'><img width=\"150\" height=\"150\" src=\"https:\/\/emmig.com.br\/portal\/wp-content\/uploads\/2016\/06\/Usina-Moema-150x150.jpg\" class=\"attachment-thumbnail size-thumbnail\" alt=\"\" loading=\"lazy\" \/><\/a>\n\t\t\t<\/dt><\/dl>\n\t\t\t<br style='clear: both' \/>\n\t\t<\/div>\n\n<p>&nbsp;<\/p>\n<h3>Usina Uberaba<\/h3>\n\n\t\t<style type=\"text\/css\">\n\t\t\t#gallery-5 {\n\t\t\t\tmargin: auto;\n\t\t\t}\n\t\t\t#gallery-5 .gallery-item {\n\t\t\t\tfloat: left;\n\t\t\t\tmargin-top: 10px;\n\t\t\t\ttext-align: center;\n\t\t\t\twidth: 33%;\n\t\t\t}\n\t\t\t#gallery-5 img {\n\t\t\t\tborder: 2px solid #cfcfcf;\n\t\t\t}\n\t\t\t#gallery-5 .gallery-caption {\n\t\t\t\tmargin-left: 0;\n\t\t\t}\n\t\t\t\/* see gallery_shortcode() in wp-includes\/media.php *\/\n\t\t<\/style>\n\t\t<div id='gallery-5' class='gallery galleryid-53 gallery-columns-3 gallery-size-thumbnail'><dl class='gallery-item'>\n\t\t\t<dt class='gallery-icon landscape'>\n\t\t\t\t<a href='https:\/\/emmig.com.br\/portal\/wp-content\/uploads\/2016\/06\/Usina-Uberaba13.jpg'><img width=\"150\" height=\"150\" src=\"https:\/\/emmig.com.br\/portal\/wp-content\/uploads\/2016\/06\/Usina-Uberaba13-150x150.jpg\" class=\"attachment-thumbnail size-thumbnail\" alt=\"\" loading=\"lazy\" \/><\/a>\n\t\t\t<\/dt><\/dl><dl class='gallery-item'>\n\t\t\t<dt class='gallery-icon landscape'>\n\t\t\t\t<a href='https:\/\/emmig.com.br\/portal\/wp-content\/uploads\/2016\/06\/Usina-Uberaba12.jpg'><img width=\"150\" height=\"150\" src=\"https:\/\/emmig.com.br\/portal\/wp-content\/uploads\/2016\/06\/Usina-Uberaba12-150x150.jpg\" class=\"attachment-thumbnail size-thumbnail\" alt=\"\" loading=\"lazy\" \/><\/a>\n\t\t\t<\/dt><\/dl><dl class='gallery-item'>\n\t\t\t<dt class='gallery-icon landscape'>\n\t\t\t\t<a href='https:\/\/emmig.com.br\/portal\/wp-content\/uploads\/2016\/06\/Usina-Uberaba11.jpg'><img width=\"150\" height=\"150\" src=\"https:\/\/emmig.com.br\/portal\/wp-content\/uploads\/2016\/06\/Usina-Uberaba11-150x150.jpg\" class=\"attachment-thumbnail size-thumbnail\" alt=\"\" loading=\"lazy\" \/><\/a>\n\t\t\t<\/dt><\/dl><br style=\"clear: both\" \/><dl class='gallery-item'>\n\t\t\t<dt class='gallery-icon landscape'>\n\t\t\t\t<a href='https:\/\/emmig.com.br\/portal\/wp-content\/uploads\/2016\/06\/Usina-Uberaba7.jpg'><img width=\"150\" height=\"150\" src=\"https:\/\/emmig.com.br\/portal\/wp-content\/uploads\/2016\/06\/Usina-Uberaba7-150x150.jpg\" class=\"attachment-thumbnail size-thumbnail\" alt=\"\" loading=\"lazy\" \/><\/a>\n\t\t\t<\/dt><\/dl><dl class='gallery-item'>\n\t\t\t<dt class='gallery-icon landscape'>\n\t\t\t\t<a href='https:\/\/emmig.com.br\/portal\/wp-content\/uploads\/2016\/06\/Usina-Uberaba8.jpg'><img width=\"150\" height=\"150\" src=\"https:\/\/emmig.com.br\/portal\/wp-content\/uploads\/2016\/06\/Usina-Uberaba8-150x150.jpg\" class=\"attachment-thumbnail size-thumbnail\" alt=\"\" loading=\"lazy\" \/><\/a>\n\t\t\t<\/dt><\/dl><dl class='gallery-item'>\n\t\t\t<dt class='gallery-icon landscape'>\n\t\t\t\t<a href='https:\/\/emmig.com.br\/portal\/wp-content\/uploads\/2016\/06\/Usina-Uberaba9.jpg'><img width=\"150\" height=\"150\" src=\"https:\/\/emmig.com.br\/portal\/wp-content\/uploads\/2016\/06\/Usina-Uberaba9-150x150.jpg\" class=\"attachment-thumbnail size-thumbnail\" alt=\"\" loading=\"lazy\" \/><\/a>\n\t\t\t<\/dt><\/dl><br style=\"clear: both\" \/><dl class='gallery-item'>\n\t\t\t<dt class='gallery-icon landscape'>\n\t\t\t\t<a href='https:\/\/emmig.com.br\/portal\/wp-content\/uploads\/2016\/06\/Usina-Uberaba6.jpg'><img width=\"150\" height=\"150\" src=\"https:\/\/emmig.com.br\/portal\/wp-content\/uploads\/2016\/06\/Usina-Uberaba6-150x150.jpg\" class=\"attachment-thumbnail size-thumbnail\" alt=\"\" loading=\"lazy\" \/><\/a>\n\t\t\t<\/dt><\/dl><dl class='gallery-item'>\n\t\t\t<dt class='gallery-icon landscape'>\n\t\t\t\t<a href='https:\/\/emmig.com.br\/portal\/wp-content\/uploads\/2016\/06\/Usina-Uberaba10.jpg'><img width=\"150\" height=\"150\" src=\"https:\/\/emmig.com.br\/portal\/wp-content\/uploads\/2016\/06\/Usina-Uberaba10-150x150.jpg\" class=\"attachment-thumbnail size-thumbnail\" alt=\"\" loading=\"lazy\" \/><\/a>\n\t\t\t<\/dt><\/dl><dl class='gallery-item'>\n\t\t\t<dt class='gallery-icon landscape'>\n\t\t\t\t<a href='https:\/\/emmig.com.br\/portal\/wp-content\/uploads\/2016\/06\/Usina-Uberaba4.jpg'><img width=\"150\" height=\"150\" src=\"https:\/\/emmig.com.br\/portal\/wp-content\/uploads\/2016\/06\/Usina-Uberaba4-150x150.jpg\" class=\"attachment-thumbnail size-thumbnail\" alt=\"\" loading=\"lazy\" \/><\/a>\n\t\t\t<\/dt><\/dl><br style=\"clear: both\" \/><dl class='gallery-item'>\n\t\t\t<dt class='gallery-icon landscape'>\n\t\t\t\t<a href='https:\/\/emmig.com.br\/portal\/wp-content\/uploads\/2016\/06\/Usina-Uberaba.jpg'><img width=\"150\" height=\"150\" src=\"https:\/\/emmig.com.br\/portal\/wp-content\/uploads\/2016\/06\/Usina-Uberaba-150x150.jpg\" class=\"attachment-thumbnail size-thumbnail\" alt=\"\" loading=\"lazy\" \/><\/a>\n\t\t\t<\/dt><\/dl><dl class='gallery-item'>\n\t\t\t<dt class='gallery-icon landscape'>\n\t\t\t\t<a href='https:\/\/emmig.com.br\/portal\/wp-content\/uploads\/2016\/06\/Usina-Uberaba2.jpg'><img width=\"150\" height=\"150\" src=\"https:\/\/emmig.com.br\/portal\/wp-content\/uploads\/2016\/06\/Usina-Uberaba2-150x150.jpg\" class=\"attachment-thumbnail size-thumbnail\" alt=\"\" loading=\"lazy\" \/><\/a>\n\t\t\t<\/dt><\/dl><dl class='gallery-item'>\n\t\t\t<dt class='gallery-icon landscape'>\n\t\t\t\t<a href='https:\/\/emmig.com.br\/portal\/wp-content\/uploads\/2016\/06\/Usina-Uberaba3.jpg'><img width=\"150\" height=\"150\" src=\"https:\/\/emmig.com.br\/portal\/wp-content\/uploads\/2016\/06\/Usina-Uberaba3-150x150.jpg\" class=\"attachment-thumbnail size-thumbnail\" alt=\"\" loading=\"lazy\" \/><\/a>\n\t\t\t<\/dt><\/dl><br style=\"clear: both\" \/>\n\t\t<\/div>\n\n<p>&nbsp;<\/p>\n<h3>Usina Vertente<\/h3>\n\n\t\t<style type=\"text\/css\">\n\t\t\t#gallery-6 {\n\t\t\t\tmargin: auto;\n\t\t\t}\n\t\t\t#gallery-6 .gallery-item {\n\t\t\t\tfloat: left;\n\t\t\t\tmargin-top: 10px;\n\t\t\t\ttext-align: center;\n\t\t\t\twidth: 33%;\n\t\t\t}\n\t\t\t#gallery-6 img {\n\t\t\t\tborder: 2px solid #cfcfcf;\n\t\t\t}\n\t\t\t#gallery-6 .gallery-caption {\n\t\t\t\tmargin-left: 0;\n\t\t\t}\n\t\t\t\/* see gallery_shortcode() in wp-includes\/media.php *\/\n\t\t<\/style>\n\t\t<div id='gallery-6' class='gallery galleryid-53 gallery-columns-3 gallery-size-thumbnail'><dl class='gallery-item'>\n\t\t\t<dt class='gallery-icon landscape'>\n\t\t\t\t<a href='https:\/\/emmig.com.br\/portal\/wp-content\/uploads\/2016\/06\/usina-Vertente-F\u00e1brica-de-a\u00e7\u00facar.jpg'><img width=\"150\" height=\"150\" src=\"https:\/\/emmig.com.br\/portal\/wp-content\/uploads\/2016\/06\/usina-Vertente-F\u00e1brica-de-a\u00e7\u00facar-150x150.jpg\" class=\"attachment-thumbnail size-thumbnail\" alt=\"\" loading=\"lazy\" \/><\/a>\n\t\t\t<\/dt><\/dl><dl class='gallery-item'>\n\t\t\t<dt class='gallery-icon landscape'>\n\t\t\t\t<a href='https:\/\/emmig.com.br\/portal\/wp-content\/uploads\/2016\/06\/Usina-VertenteTorre-Escada-F\u00e1brica-A\u00e7\u00facar.jpg'><img width=\"150\" height=\"150\" src=\"https:\/\/emmig.com.br\/portal\/wp-content\/uploads\/2016\/06\/Usina-VertenteTorre-Escada-F\u00e1brica-A\u00e7\u00facar-150x150.jpg\" class=\"attachment-thumbnail size-thumbnail\" alt=\"\" loading=\"lazy\" \/><\/a>\n\t\t\t<\/dt><\/dl><dl class='gallery-item'>\n\t\t\t<dt class='gallery-icon landscape'>\n\t\t\t\t<a href='https:\/\/emmig.com.br\/portal\/wp-content\/uploads\/2016\/06\/Usina-Vertente.jpg'><img width=\"150\" height=\"150\" src=\"https:\/\/emmig.com.br\/portal\/wp-content\/uploads\/2016\/06\/Usina-Vertente-150x150.jpg\" class=\"attachment-thumbnail size-thumbnail\" alt=\"\" loading=\"lazy\" \/><\/a>\n\t\t\t<\/dt><\/dl><br style=\"clear: both\" \/><dl class='gallery-item'>\n\t\t\t<dt class='gallery-icon landscape'>\n\t\t\t\t<a href='https:\/\/emmig.com.br\/portal\/wp-content\/uploads\/2016\/06\/Usina-vertente-Carreg-A\u00e7\u00facar-Grane.jpg'><img width=\"150\" height=\"150\" src=\"https:\/\/emmig.com.br\/portal\/wp-content\/uploads\/2016\/06\/Usina-vertente-Carreg-A\u00e7\u00facar-Grane-150x150.jpg\" class=\"attachment-thumbnail size-thumbnail\" alt=\"\" loading=\"lazy\" \/><\/a>\n\t\t\t<\/dt><\/dl><dl class='gallery-item'>\n\t\t\t<dt class='gallery-icon landscape'>\n\t\t\t\t<a href='https:\/\/emmig.com.br\/portal\/wp-content\/uploads\/2016\/06\/Usina-Vertente-Centrifugas-Dornas.jpg'><img width=\"150\" height=\"150\" src=\"https:\/\/emmig.com.br\/portal\/wp-content\/uploads\/2016\/06\/Usina-Vertente-Centrifugas-Dornas-150x150.jpg\" class=\"attachment-thumbnail size-thumbnail\" alt=\"\" loading=\"lazy\" \/><\/a>\n\t\t\t<\/dt><\/dl><dl class='gallery-item'>\n\t\t\t<dt class='gallery-icon landscape'>\n\t\t\t\t<a href='https:\/\/emmig.com.br\/portal\/wp-content\/uploads\/2016\/06\/Usina-vertente-Estr.-Filtro-Rotativo-1.jpg'><img width=\"150\" height=\"150\" src=\"https:\/\/emmig.com.br\/portal\/wp-content\/uploads\/2016\/06\/Usina-vertente-Estr.-Filtro-Rotativo-1-150x150.jpg\" class=\"attachment-thumbnail size-thumbnail\" alt=\"\" loading=\"lazy\" \/><\/a>\n\t\t\t<\/dt><\/dl><br style=\"clear: both\" \/><dl class='gallery-item'>\n\t\t\t<dt class='gallery-icon landscape'>\n\t\t\t\t<a href='https:\/\/emmig.com.br\/portal\/wp-content\/uploads\/2016\/06\/Usina-Vertente-Estr-Filtro-Rotativo.jpg'><img width=\"150\" height=\"150\" src=\"https:\/\/emmig.com.br\/portal\/wp-content\/uploads\/2016\/06\/Usina-Vertente-Estr-Filtro-Rotativo-150x150.jpg\" class=\"attachment-thumbnail size-thumbnail\" alt=\"\" loading=\"lazy\" \/><\/a>\n\t\t\t<\/dt><\/dl>\n\t\t\t<br style='clear: both' \/>\n\t\t<\/div>\n\n","protected":false},"excerpt":{"rendered":"<p>Usina\u00a0Continental &nbsp; Usina de Itagipe &nbsp; Usina de Itumbiara &nbsp; Usina Moema &nbsp; Usina Uberaba &nbsp; Usina Vertente<\/p>\n","protected":false},"author":1,"featured_media":0,"parent":10,"menu_order":50,"comment_status":"closed","ping_status":"closed","template":"","meta":[],"_links":{"self":[{"href":"https:\/\/emmig.com.br\/portal\/wp-json\/wp\/v2\/pages\/53"}],"collection":[{"href":"https:\/\/emmig.com.br\/portal\/wp-json\/wp\/v2\/pages"}],"about":[{"href":"https:\/\/emmig.com.br\/portal\/wp-json\/wp\/v2\/types\/page"}],"author":[{"embeddable":true,"href":"https:\/\/emmig.com.br\/portal\/wp-json\/wp\/v2\/users\/1"}],"replies":[{"embeddable":true,"href":"https:\/\/emmig.com.br\/portal\/wp-json\/wp\/v2\/comments?post=53"}],"version-history":[{"count":3,"href":"https:\/\/emmig.com.br\/portal\/wp-json\/wp\/v2\/pages\/53\/revisions"}],"predecessor-version":[{"id":260,"href":"https:\/\/emmig.com.br\/portal\/wp-json\/wp\/v2\/pages\/53\/revisions\/260"}],"up":[{"embeddable":true,"href":"https:\/\/emmig.com.br\/portal\/wp-json\/wp\/v2\/pages\/10"}],"wp:attachment":[{"href":"https:\/\/emmig.com.br\/portal\/wp-json\/wp\/v2\/media?parent=53"}],"curies":[{"name":"wp","href":"https:\/\/api.w.org\/{rel}","templated":true}]}}