{"id":8,"date":"2016-06-02T13:35:25","date_gmt":"2016-06-02T16:35:25","guid":{"rendered":"http:\/\/wolney.com.br\/wp\/7\/?page_id=8"},"modified":"2016-06-07T18:56:11","modified_gmt":"2016-06-07T21:56:11","slug":"emmig","status":"publish","type":"page","link":"https:\/\/emmig.com.br\/portal\/emmig\/","title":{"rendered":"Emmig"},"content":{"rendered":"<p><img loading=\"lazy\" class=\"alignleft size-medium wp-image-131\" src=\"http:\/\/wolney.com.br\/wp\/7\/wp-content\/uploads\/2016\/06\/predio-foto-revista-300x179.jpg\" alt=\"predio foto revista\" width=\"300\" height=\"179\" srcset=\"https:\/\/emmig.com.br\/portal\/wp-content\/uploads\/2016\/06\/predio-foto-revista-300x179.jpg 300w, https:\/\/emmig.com.br\/portal\/wp-content\/uploads\/2016\/06\/predio-foto-revista.jpg 986w\" sizes=\"(max-width: 300px) 100vw, 300px\" \/>A EMMIG foi fundada em 1967 na cidade de Uberl\u00e2ndia MG. S\u00e3o quase 50 anos de experi\u00eancia em Constru\u00e7\u00e3o em a\u00e7o, a servi\u00e7o da Ind\u00fastria e Com\u00e9rcio de grande e m\u00e9dio porte.<\/p>\n<p>Ao longo desse per\u00edodo, vem desenvolvendo e racionalizando processos e consolidando sua Qualidade, Solidez e Credibilidade.<\/p>\n<p>Atualmente a EMMIG fabrica estruturas met\u00e1licas para os seguintes fins: coberturas, caminhos para ponte rolante, projetos para fabrica\u00e7\u00e3o e montagem de estruturas, mezaninos e torres, al\u00e9m de equipamentos para instala\u00e7\u00f5es industriais em geral.\u00a0Al\u00e9m de elaborar projetos em 2D e 3D que permitem visualizar interfaces entre estruturas, conex\u00f5es, interfer\u00eancias e seq\u00fc\u00eancia de montagem.<\/p>\n<p>Possui em seu quadro profissionais altamente qualificados visando fornecer aos clientes as melhores solu\u00e7\u00f5es t\u00e9cnicas para suas necessidades com excel\u00eancia operacional atrav\u00e9s da melhoria cont\u00ednua dos seus servi\u00e7os e a efic\u00e1cia do sistema de gest\u00e3o da qualidade.<\/p>\n<p>EMMIG\u00a0uma empresa que preza pela qualidade e seguran\u00e7a de seus projetos, sempre respeitando e garantindo o bom resultado e o prazo especificado pelo cliente. Conquistando o respeito e a admira\u00e7\u00e3o pela sua efici\u00eancia.<\/p>\n\n\t\t<style type=\"text\/css\">\n\t\t\t#gallery-1 {\n\t\t\t\tmargin: auto;\n\t\t\t}\n\t\t\t#gallery-1 .gallery-item {\n\t\t\t\tfloat: left;\n\t\t\t\tmargin-top: 10px;\n\t\t\t\ttext-align: center;\n\t\t\t\twidth: 33%;\n\t\t\t}\n\t\t\t#gallery-1 img {\n\t\t\t\tborder: 2px solid #cfcfcf;\n\t\t\t}\n\t\t\t#gallery-1 .gallery-caption {\n\t\t\t\tmargin-left: 0;\n\t\t\t}\n\t\t\t\/* see gallery_shortcode() in wp-includes\/media.php *\/\n\t\t<\/style>\n\t\t<div id='gallery-1' class='gallery galleryid-8 gallery-columns-3 gallery-size-thumbnail'><dl class='gallery-item'>\n\t\t\t<dt class='gallery-icon landscape'>\n\t\t\t\t<a href='https:\/\/emmig.com.br\/portal\/wp-content\/uploads\/2016\/06\/DSCN3578.jpg'><img width=\"150\" height=\"150\" src=\"https:\/\/emmig.com.br\/portal\/wp-content\/uploads\/2016\/06\/DSCN3578-150x150.jpg\" class=\"attachment-thumbnail size-thumbnail\" alt=\"\" loading=\"lazy\" \/><\/a>\n\t\t\t<\/dt><\/dl><dl class='gallery-item'>\n\t\t\t<dt class='gallery-icon landscape'>\n\t\t\t\t<a href='https:\/\/emmig.com.br\/portal\/wp-content\/uploads\/2016\/06\/DSCN5023.jpg'><img width=\"150\" height=\"150\" src=\"https:\/\/emmig.com.br\/portal\/wp-content\/uploads\/2016\/06\/DSCN5023-150x150.jpg\" class=\"attachment-thumbnail size-thumbnail\" alt=\"\" loading=\"lazy\" \/><\/a>\n\t\t\t<\/dt><\/dl><dl class='gallery-item'>\n\t\t\t<dt class='gallery-icon landscape'>\n\t\t\t\t<a href='https:\/\/emmig.com.br\/portal\/wp-content\/uploads\/2016\/06\/DSCN5025.jpg'><img width=\"150\" height=\"150\" src=\"https:\/\/emmig.com.br\/portal\/wp-content\/uploads\/2016\/06\/DSCN5025-150x150.jpg\" class=\"attachment-thumbnail size-thumbnail\" alt=\"\" loading=\"lazy\" \/><\/a>\n\t\t\t<\/dt><\/dl><br style=\"clear: both\" \/><dl class='gallery-item'>\n\t\t\t<dt class='gallery-icon landscape'>\n\t\t\t\t<a href='https:\/\/emmig.com.br\/portal\/wp-content\/uploads\/2016\/06\/DSCN5026.jpg'><img width=\"150\" height=\"150\" src=\"https:\/\/emmig.com.br\/portal\/wp-content\/uploads\/2016\/06\/DSCN5026-150x150.jpg\" class=\"attachment-thumbnail size-thumbnail\" alt=\"\" loading=\"lazy\" \/><\/a>\n\t\t\t<\/dt><\/dl><dl class='gallery-item'>\n\t\t\t<dt class='gallery-icon landscape'>\n\t\t\t\t<a href='https:\/\/emmig.com.br\/portal\/wp-content\/uploads\/2016\/06\/DSCN5027.jpg'><img width=\"150\" height=\"150\" src=\"https:\/\/emmig.com.br\/portal\/wp-content\/uploads\/2016\/06\/DSCN5027-150x150.jpg\" class=\"attachment-thumbnail size-thumbnail\" alt=\"\" loading=\"lazy\" \/><\/a>\n\t\t\t<\/dt><\/dl><dl class='gallery-item'>\n\t\t\t<dt class='gallery-icon landscape'>\n\t\t\t\t<a href='https:\/\/emmig.com.br\/portal\/wp-content\/uploads\/2016\/06\/DSCN5028.jpg'><img width=\"150\" height=\"150\" src=\"https:\/\/emmig.com.br\/portal\/wp-content\/uploads\/2016\/06\/DSCN5028-150x150.jpg\" class=\"attachment-thumbnail size-thumbnail\" alt=\"\" loading=\"lazy\" \/><\/a>\n\t\t\t<\/dt><\/dl><br style=\"clear: both\" \/><dl class='gallery-item'>\n\t\t\t<dt class='gallery-icon landscape'>\n\t\t\t\t<a href='https:\/\/emmig.com.br\/portal\/wp-content\/uploads\/2016\/06\/DSCN5036.jpg'><img width=\"150\" height=\"150\" src=\"https:\/\/emmig.com.br\/portal\/wp-content\/uploads\/2016\/06\/DSCN5036-150x150.jpg\" class=\"attachment-thumbnail size-thumbnail\" alt=\"\" loading=\"lazy\" \/><\/a>\n\t\t\t<\/dt><\/dl><dl class='gallery-item'>\n\t\t\t<dt class='gallery-icon landscape'>\n\t\t\t\t<a href='https:\/\/emmig.com.br\/portal\/wp-content\/uploads\/2016\/06\/DSCN5040.jpg'><img width=\"150\" height=\"150\" src=\"https:\/\/emmig.com.br\/portal\/wp-content\/uploads\/2016\/06\/DSCN5040-150x150.jpg\" class=\"attachment-thumbnail size-thumbnail\" alt=\"\" loading=\"lazy\" \/><\/a>\n\t\t\t<\/dt><\/dl><dl class='gallery-item'>\n\t\t\t<dt class='gallery-icon portrait'>\n\t\t\t\t<a href='https:\/\/emmig.com.br\/portal\/wp-content\/uploads\/2016\/06\/DSCN5042.jpg'><img width=\"150\" height=\"150\" src=\"https:\/\/emmig.com.br\/portal\/wp-content\/uploads\/2016\/06\/DSCN5042-150x150.jpg\" class=\"attachment-thumbnail size-thumbnail\" alt=\"\" loading=\"lazy\" \/><\/a>\n\t\t\t<\/dt><\/dl><br style=\"clear: both\" \/>\n\t\t<\/div>\n\n","protected":false},"excerpt":{"rendered":"<p>A EMMIG foi fundada em 1967 na cidade de Uberl\u00e2ndia MG. S\u00e3o quase 50 anos de experi\u00eancia em Constru\u00e7\u00e3o em a\u00e7o, a servi\u00e7o da Ind\u00fastria e Com\u00e9rcio de grande e m\u00e9dio porte. Ao longo desse per\u00edodo, vem desenvolvendo e racionalizando processos e consolidando sua Qualidade, Solidez e Credibilidade. Atualmente a EMMIG fabrica estruturas met\u00e1licas para [&hellip;]<\/p>\n","protected":false},"author":1,"featured_media":0,"parent":0,"menu_order":10,"comment_status":"closed","ping_status":"closed","template":"","meta":[],"_links":{"self":[{"href":"https:\/\/emmig.com.br\/portal\/wp-json\/wp\/v2\/pages\/8"}],"collection":[{"href":"https:\/\/emmig.com.br\/portal\/wp-json\/wp\/v2\/pages"}],"about":[{"href":"https:\/\/emmig.com.br\/portal\/wp-json\/wp\/v2\/types\/page"}],"author":[{"embeddable":true,"href":"https:\/\/emmig.com.br\/portal\/wp-json\/wp\/v2\/users\/1"}],"replies":[{"embeddable":true,"href":"https:\/\/emmig.com.br\/portal\/wp-json\/wp\/v2\/comments?post=8"}],"version-history":[{"count":9,"href":"https:\/\/emmig.com.br\/portal\/wp-json\/wp\/v2\/pages\/8\/revisions"}],"predecessor-version":[{"id":362,"href":"https:\/\/emmig.com.br\/portal\/wp-json\/wp\/v2\/pages\/8\/revisions\/362"}],"wp:attachment":[{"href":"https:\/\/emmig.com.br\/portal\/wp-json\/wp\/v2\/media?parent=8"}],"curies":[{"name":"wp","href":"https:\/\/api.w.org\/{rel}","templated":true}]}}